{"id":6357,"date":"2022-09-06T11:55:38","date_gmt":"2022-09-06T15:55:38","guid":{"rendered":"https:\/\/santetranshealth.com\/resources\/"},"modified":"2026-03-04T10:20:17","modified_gmt":"2026-03-04T15:20:17","slug":"resources","status":"publish","type":"page","link":"https:\/\/santetranshealth.com\/en\/resources\/","title":{"rendered":"Resources"},"content":{"rendered":"\n\n<section class=\"block--header alignfull\">\n\t<div class=\"wrapper\">\n\t\t<div class=\"block--header__content\">\n\t\t\t\t\t\t\t<svg class=\"icon icon-service\" aria-hidden=\"true\">\n\t\t\t\t\t<use xmlns:xlink=\"http:\/\/www.w3.org\/1999\/xlink\" xlink:href='https:\/\/santetranshealth.com\/wp-content\/themes\/ismh\/assets\/img\/sprite.svg#prediction'><\/use>\n\t\t\t    <\/svg>\n\t\t\t\t\t\t<h2><\/h2>\n\t\t\t<p>List of resources <\/p>\n\t\t<\/div>\n\t<\/div>\n<\/section>\n\n\n\n<div class=\"wp-block-columns is-layout-flex wp-container-core-columns-is-layout-9d6595d7 wp-block-columns-is-layout-flex\">\n<div class=\"wp-block-column is-layout-flow wp-block-column-is-layout-flow\" style=\"flex-basis:66.66%\">\n<div class=\"wp-block-group\"><div class=\"wp-block-group__inner-container is-layout-flow wp-block-group-is-layout-flow\">\n<h2 class=\"wp-block-heading\">Professional organizations <\/h2>\n\n\n\n<ul class=\"wp-block-list\">\n<li>Canadian Professional Association for Transgender Health (coming soon)<\/li>\n\n\n\n<li><a href=\"https:\/\/www.wpath.org\/\">World Professional Association for Transgender Health<\/a><\/li>\n<\/ul>\n\n\n\n<h2 class=\"wp-block-heading\">Community Organizations <\/h2>\n\n\n\n<ul class=\"wp-block-list\">\n<li><strong>Quebec organizations:<\/strong><\/li>\n\n\n\n<li><a href=\"https:\/\/cactusmontreal.org\/en\/trans-support\/\" target=\"_blank\" rel=\"noreferrer noopener\">Action Sant\u00e9 Travesti(e)s &amp; Transsexuel(le)s du Qu\u00e9bec &#8211; ASTT(e)Q<\/a><\/li>\n\n\n\n<li><a href=\"https:\/\/cactusmontreal.org\/en\/\" target=\"_blank\" rel=\"noreferrer noopener\">Cactus Montreal<\/a><\/li>\n\n\n\n<li><a href=\"https:\/\/aideauxtrans.com\/en\" target=\"_blank\" rel=\"noreferrer noopener\">Aide aux trans du Quebec<\/a><\/li>\n\n\n\n<li><a href=\"https:\/\/www.transoutaouais.com\/welcome\/\" target=\"_blank\" rel=\"noreferrer noopener\">Trans Outaouais<\/a><\/li>\n\n\n\n<li><a href=\"https:\/\/transestrie.org\/en\/home\/\" target=\"_blank\" rel=\"noreferrer noopener\">TransESTRIE<\/a><\/li>\n\n\n\n<li><a href=\"https:\/\/www.transmcdq.com\/\" target=\"_blank\" rel=\"noreferrer noopener\">TRANS-Mauricie\/Centre-du-Qu\u00e9bec <\/a><\/li>\n\n\n\n<li><a href=\"https:\/\/divergenres.org\/\" target=\"_blank\" rel=\"noreferrer noopener\">Divergenres<\/a><\/li>\n\n\n\n<li><a href=\"https:\/\/www.spheressg.org\" target=\"_blank\" rel=\"noreferrer noopener\">Sph\u00e8re : sant\u00e9 sexuelle globale<\/a><\/li>\n\n\n\n<li><a href=\"https:\/\/www.dispensaire.org\" target=\"_blank\" rel=\"noreferrer noopener\">Le Dispensaire<\/a><\/li>\n\n\n\n<li><a href=\"https:\/\/coalitionat.qc.ca\" target=\"_blank\" rel=\"noreferrer noopener\">La Coalition d&#8217;aide \u00e0 la diversit\u00e9 sexuelle de l&#8217;Abitibi-T\u00e9miscamingue<\/a><\/li>\n\n\n\n<li><a href=\"https:\/\/diversite02.ca\" target=\"_blank\" rel=\"noreferrer noopener\">Diversit\u00e902<\/a><\/li>\n\n\n\n<li><a href=\"https:\/\/familleslgbt.org\/en\/\" target=\"_blank\" rel=\"noreferrer noopener\">La Coalition des familles LGBT+<\/a><\/li>\n\n\n\n<li><a href=\"https:\/\/gendercreativekids.com\">Gender Creative <\/a><a href=\"https:\/\/gendercreativekids.com\" target=\"_blank\" rel=\"noreferrer noopener\">kids<\/a><\/li>\n\n\n\n<li><strong>Others:<\/strong><\/li>\n\n\n\n<li><a href=\"https:\/\/sherbourne.on.ca\" target=\"_blank\" rel=\"noreferrer noopener\">Sherbourne Health <\/a><\/li>\n\n\n\n<li><a href=\"https:\/\/callen-lorde.org\/\" target=\"_blank\" rel=\"noreferrer noopener\">Callen-Lorde Community Health Center<\/a><\/li>\n\n\n\n<li><a href=\"https:\/\/isna.org\/\" target=\"_blank\" rel=\"noreferrer noopener\">The Intersex Society of North America (ISNA)<\/a> (in English and Spanish)<\/li>\n\n\n\n<li><a href=\"https:\/\/www.oiieurope.org\/\" target=\"_blank\" rel=\"noreferrer noopener\">Intersex Europe Organization<\/a> (mostly English)<\/li>\n<\/ul>\n\n\n\n<h2 class=\"wp-block-heading\">Research &amp; projects<\/h2>\n\n\n\n<ul class=\"wp-block-list\">\n<li><a href=\"https:\/\/ustranssurvey.org\" target=\"_blank\" rel=\"noreferrer noopener\">US Trans Survey<\/a><\/li>\n\n\n\n<li><a href=\"https:\/\/transpulseproject.ca\" target=\"_blank\" rel=\"noreferrer noopener\">The Trans PULSE Project (Ontario)<\/a><\/li>\n\n\n\n<li><a href=\"https:\/\/transpulsecanada.ca\" target=\"_blank\" rel=\"noreferrer noopener\">Trans PULSE Canada<\/a><\/li>\n\n\n\n<li><a href=\"https:\/\/transyouthcan.ca\" target=\"_blank\" rel=\"noreferrer noopener\">Trans Youth Can!<\/a><\/li>\n\n\n\n<li><a href=\"https:\/\/www.transcarebc.ca\/\" target=\"_blank\" rel=\"noreferrer noopener\">Trans Care BC<\/a><\/li>\n\n\n\n<li><a href=\"https:\/\/jeunestransyouth.ca\/en\/\" target=\"_blank\" rel=\"noreferrer noopener\">Canada Research Chair&nbsp;on Transgender Children and Their Families<\/a><\/li>\n\n\n\n<li><a href=\"https:\/\/hudl.princeton.edu\/research\" target=\"_blank\" rel=\"noreferrer noopener\">TransYouth Project and Gender Development<\/a><\/li>\n<\/ul>\n\n\n\n<h2 class=\"wp-block-heading\">Hormonal protocols:<\/h2>\n\n\n\n<ul class=\"wp-block-list\">\n<li><a href=\"https:\/\/transitionner.info\" target=\"_blank\" rel=\"noreferrer noopener\">Trans Estrie<\/a><\/li>\n\n\n\n<li><a href=\"https:\/\/www.transcarebc.ca\/hormone-therapy\" target=\"_blank\" rel=\"noreferrer noopener\">Trans care BC<\/a><\/li>\n\n\n\n<li><a href=\"https:\/\/www.rainbowhealthontario.ca\/product\/4th-edition-sherbournes-guidelines-for-gender-affirming-primary-care-with-trans-and-non-binary-patients\/\" target=\"_blank\" rel=\"noreferrer noopener\">Sherbourne Health<\/a><\/li>\n\n\n\n<li><a href=\"https:\/\/transcare.ucsf.edu\/guidelines\" target=\"_blank\" rel=\"noreferrer noopener\">UCSF Transgender Care<\/a><\/li>\n<\/ul>\n<\/div><\/div>\n<\/div>\n\n\n\n<div class=\"wp-block-column is-layout-flow wp-block-column-is-layout-flow\" style=\"padding-top:1em;padding-right:1em;padding-bottom:1em;padding-left:1em;flex-basis:33.333%\">\n<figure class=\"wp-block-image size-large\"><img loading=\"lazy\" decoding=\"async\" width=\"3300\" height=\"2200\" src=\"https:\/\/santetranshealth.com\/wp-content\/uploads\/2022\/09\/tim-mossholder-qxaL2morzMQ-unsplash-3300x2200.jpg\" alt=\"\" class=\"wp-image-4677\" srcset=\"https:\/\/santetranshealth.com\/wp-content\/uploads\/2022\/09\/tim-mossholder-qxaL2morzMQ-unsplash-3300x2200.jpg 3300w, https:\/\/santetranshealth.com\/wp-content\/uploads\/2022\/09\/tim-mossholder-qxaL2morzMQ-unsplash-300x200.jpg 300w, https:\/\/santetranshealth.com\/wp-content\/uploads\/2022\/09\/tim-mossholder-qxaL2morzMQ-unsplash-768x512.jpg 768w, https:\/\/santetranshealth.com\/wp-content\/uploads\/2022\/09\/tim-mossholder-qxaL2morzMQ-unsplash-1536x1024.jpg 1536w, https:\/\/santetranshealth.com\/wp-content\/uploads\/2022\/09\/tim-mossholder-qxaL2morzMQ-unsplash-600x400.jpg 600w\" sizes=\"auto, (max-width: 3300px) 100vw, 3300px\" \/><\/figure>\n\n\n\n<div class=\"wp-block-buttons is-layout-flex wp-block-buttons-is-layout-flex\">\n<div class=\"wp-block-button\"><a class=\"wp-block-button__link wp-element-button\" href=\"https:\/\/santetranshealth.com\/en\/list-of-transaffirmative-providers\/\">List of trans-affirmative providers<\/a><\/div>\n<\/div>\n<\/div>\n<\/div>\n\n\n\n<div style=\"height:2em\" aria-hidden=\"true\" class=\"wp-block-spacer\"><\/div>\n","protected":false},"excerpt":{"rendered":"<p>Professional organizations Community Organizations Research &amp; projects Hormonal protocols:<\/p>\n","protected":false},"author":2,"featured_media":0,"parent":0,"menu_order":0,"comment_status":"closed","ping_status":"closed","template":"","meta":{"_acf_changed":false,"_mo_disable_npp":"","footnotes":""},"class_list":["post-6357","page","type-page","status-publish","hentry"],"acf":[],"yoast_head":"<!-- This site is optimized with the Yoast SEO plugin v27.3 - https:\/\/yoast.com\/product\/yoast-seo-wordpress\/ -->\n<title>Resources | The Institute for Trans Health<\/title>\n<meta name=\"description\" content=\"List of trans health resources for professionals and the public.\" \/>\n<meta name=\"robots\" content=\"index, follow, max-snippet:-1, max-image-preview:large, max-video-preview:-1\" \/>\n<link rel=\"canonical\" href=\"https:\/\/santetranshealth.com\/en\/resources\/\" \/>\n<meta property=\"og:locale\" content=\"en_US\" \/>\n<meta property=\"og:type\" content=\"article\" \/>\n<meta property=\"og:title\" content=\"Resources | The Institute for Trans Health\" \/>\n<meta property=\"og:description\" content=\"List of trans health resources for professionals and the public.\" \/>\n<meta property=\"og:url\" content=\"https:\/\/santetranshealth.com\/en\/resources\/\" \/>\n<meta property=\"og:site_name\" content=\"The Institute for Trans Health\" \/>\n<meta property=\"article:publisher\" content=\"https:\/\/www.facebook.com\/ismh.isms\" \/>\n<meta property=\"article:modified_time\" content=\"2026-03-04T15:20:17+00:00\" \/>\n<meta property=\"og:image\" content=\"https:\/\/santetranshealth.com\/wp-content\/uploads\/2022\/09\/tim-mossholder-qxaL2morzMQ-unsplash-3300x2200.jpg\" \/>\n\t<meta property=\"og:image:width\" content=\"3300\" \/>\n\t<meta property=\"og:image:height\" content=\"2200\" \/>\n\t<meta property=\"og:image:type\" content=\"image\/jpeg\" \/>\n<meta name=\"twitter:card\" content=\"summary_large_image\" \/>\n<meta name=\"twitter:label1\" content=\"Est. reading time\" \/>\n\t<meta name=\"twitter:data1\" content=\"1 minute\" \/>\n<script type=\"application\/ld+json\" class=\"yoast-schema-graph\">{\"@context\":\"https:\\\/\\\/schema.org\",\"@graph\":[{\"@type\":\"WebPage\",\"@id\":\"https:\\\/\\\/santetranshealth.com\\\/en\\\/resources\\\/\",\"url\":\"https:\\\/\\\/santetranshealth.com\\\/en\\\/resources\\\/\",\"name\":\"Resources | The Institute for Trans Health\",\"isPartOf\":{\"@id\":\"https:\\\/\\\/santetranshealth.com\\\/en\\\/#website\"},\"primaryImageOfPage\":{\"@id\":\"https:\\\/\\\/santetranshealth.com\\\/en\\\/resources\\\/#primaryimage\"},\"image\":{\"@id\":\"https:\\\/\\\/santetranshealth.com\\\/en\\\/resources\\\/#primaryimage\"},\"thumbnailUrl\":\"https:\\\/\\\/santetranshealth.com\\\/wp-content\\\/uploads\\\/2022\\\/09\\\/tim-mossholder-qxaL2morzMQ-unsplash-3300x2200.jpg\",\"datePublished\":\"2022-09-06T15:55:38+00:00\",\"dateModified\":\"2026-03-04T15:20:17+00:00\",\"description\":\"List of trans health resources for professionals and the public.\",\"breadcrumb\":{\"@id\":\"https:\\\/\\\/santetranshealth.com\\\/en\\\/resources\\\/#breadcrumb\"},\"inLanguage\":\"en-US\",\"potentialAction\":[{\"@type\":\"ReadAction\",\"target\":[\"https:\\\/\\\/santetranshealth.com\\\/en\\\/resources\\\/\"]}]},{\"@type\":\"ImageObject\",\"inLanguage\":\"en-US\",\"@id\":\"https:\\\/\\\/santetranshealth.com\\\/en\\\/resources\\\/#primaryimage\",\"url\":\"https:\\\/\\\/santetranshealth.com\\\/wp-content\\\/uploads\\\/2022\\\/09\\\/tim-mossholder-qxaL2morzMQ-unsplash-3300x2200.jpg\",\"contentUrl\":\"https:\\\/\\\/santetranshealth.com\\\/wp-content\\\/uploads\\\/2022\\\/09\\\/tim-mossholder-qxaL2morzMQ-unsplash-3300x2200.jpg\"},{\"@type\":\"BreadcrumbList\",\"@id\":\"https:\\\/\\\/santetranshealth.com\\\/en\\\/resources\\\/#breadcrumb\",\"itemListElement\":[{\"@type\":\"ListItem\",\"position\":1,\"name\":\"Home\",\"item\":\"https:\\\/\\\/santetranshealth.com\\\/en\\\/\"},{\"@type\":\"ListItem\",\"position\":2,\"name\":\"Resources\"}]},{\"@type\":\"WebSite\",\"@id\":\"https:\\\/\\\/santetranshealth.com\\\/en\\\/#website\",\"url\":\"https:\\\/\\\/santetranshealth.com\\\/en\\\/\",\"name\":\"The Institute for Trans Health\",\"description\":\"Training, consultation, and clinical supervision for health professionals, educators and employers who serve gender diverse children, youth and adults.\",\"publisher\":{\"@id\":\"https:\\\/\\\/santetranshealth.com\\\/en\\\/#organization\"},\"potentialAction\":[{\"@type\":\"SearchAction\",\"target\":{\"@type\":\"EntryPoint\",\"urlTemplate\":\"https:\\\/\\\/santetranshealth.com\\\/en\\\/?s={search_term_string}\"},\"query-input\":{\"@type\":\"PropertyValueSpecification\",\"valueRequired\":true,\"valueName\":\"search_term_string\"}}],\"inLanguage\":\"en-US\"},{\"@type\":\"Organization\",\"@id\":\"https:\\\/\\\/santetranshealth.com\\\/en\\\/#organization\",\"name\":\"L'institut pour la sant\u00e9 trans\",\"url\":\"https:\\\/\\\/santetranshealth.com\\\/en\\\/\",\"logo\":{\"@type\":\"ImageObject\",\"inLanguage\":\"en-US\",\"@id\":\"https:\\\/\\\/santetranshealth.com\\\/en\\\/#\\\/schema\\\/logo\\\/image\\\/\",\"url\":\"https:\\\/\\\/santetranshealth.com\\\/wp-content\\\/uploads\\\/2021\\\/12\\\/logo-learndash.png\",\"contentUrl\":\"https:\\\/\\\/santetranshealth.com\\\/wp-content\\\/uploads\\\/2021\\\/12\\\/logo-learndash.png\",\"width\":304,\"height\":122,\"caption\":\"L'institut pour la sant\u00e9 trans\"},\"image\":{\"@id\":\"https:\\\/\\\/santetranshealth.com\\\/en\\\/#\\\/schema\\\/logo\\\/image\\\/\"},\"sameAs\":[\"https:\\\/\\\/www.facebook.com\\\/ismh.isms\"]}]}<\/script>\n<!-- \/ Yoast SEO plugin. -->","yoast_head_json":{"title":"Resources | The Institute for Trans Health","description":"List of trans health resources for professionals and the public.","robots":{"index":"index","follow":"follow","max-snippet":"max-snippet:-1","max-image-preview":"max-image-preview:large","max-video-preview":"max-video-preview:-1"},"canonical":"https:\/\/santetranshealth.com\/en\/resources\/","og_locale":"en_US","og_type":"article","og_title":"Resources | The Institute for Trans Health","og_description":"List of trans health resources for professionals and the public.","og_url":"https:\/\/santetranshealth.com\/en\/resources\/","og_site_name":"The Institute for Trans Health","article_publisher":"https:\/\/www.facebook.com\/ismh.isms","article_modified_time":"2026-03-04T15:20:17+00:00","og_image":[{"width":3300,"height":2200,"url":"https:\/\/santetranshealth.com\/wp-content\/uploads\/2022\/09\/tim-mossholder-qxaL2morzMQ-unsplash-3300x2200.jpg","type":"image\/jpeg"}],"twitter_card":"summary_large_image","twitter_misc":{"Est. reading time":"1 minute"},"schema":{"@context":"https:\/\/schema.org","@graph":[{"@type":"WebPage","@id":"https:\/\/santetranshealth.com\/en\/resources\/","url":"https:\/\/santetranshealth.com\/en\/resources\/","name":"Resources | The Institute for Trans Health","isPartOf":{"@id":"https:\/\/santetranshealth.com\/en\/#website"},"primaryImageOfPage":{"@id":"https:\/\/santetranshealth.com\/en\/resources\/#primaryimage"},"image":{"@id":"https:\/\/santetranshealth.com\/en\/resources\/#primaryimage"},"thumbnailUrl":"https:\/\/santetranshealth.com\/wp-content\/uploads\/2022\/09\/tim-mossholder-qxaL2morzMQ-unsplash-3300x2200.jpg","datePublished":"2022-09-06T15:55:38+00:00","dateModified":"2026-03-04T15:20:17+00:00","description":"List of trans health resources for professionals and the public.","breadcrumb":{"@id":"https:\/\/santetranshealth.com\/en\/resources\/#breadcrumb"},"inLanguage":"en-US","potentialAction":[{"@type":"ReadAction","target":["https:\/\/santetranshealth.com\/en\/resources\/"]}]},{"@type":"ImageObject","inLanguage":"en-US","@id":"https:\/\/santetranshealth.com\/en\/resources\/#primaryimage","url":"https:\/\/santetranshealth.com\/wp-content\/uploads\/2022\/09\/tim-mossholder-qxaL2morzMQ-unsplash-3300x2200.jpg","contentUrl":"https:\/\/santetranshealth.com\/wp-content\/uploads\/2022\/09\/tim-mossholder-qxaL2morzMQ-unsplash-3300x2200.jpg"},{"@type":"BreadcrumbList","@id":"https:\/\/santetranshealth.com\/en\/resources\/#breadcrumb","itemListElement":[{"@type":"ListItem","position":1,"name":"Home","item":"https:\/\/santetranshealth.com\/en\/"},{"@type":"ListItem","position":2,"name":"Resources"}]},{"@type":"WebSite","@id":"https:\/\/santetranshealth.com\/en\/#website","url":"https:\/\/santetranshealth.com\/en\/","name":"The Institute for Trans Health","description":"Training, consultation, and clinical supervision for health professionals, educators and employers who serve gender diverse children, youth and adults.","publisher":{"@id":"https:\/\/santetranshealth.com\/en\/#organization"},"potentialAction":[{"@type":"SearchAction","target":{"@type":"EntryPoint","urlTemplate":"https:\/\/santetranshealth.com\/en\/?s={search_term_string}"},"query-input":{"@type":"PropertyValueSpecification","valueRequired":true,"valueName":"search_term_string"}}],"inLanguage":"en-US"},{"@type":"Organization","@id":"https:\/\/santetranshealth.com\/en\/#organization","name":"L'institut pour la sant\u00e9 trans","url":"https:\/\/santetranshealth.com\/en\/","logo":{"@type":"ImageObject","inLanguage":"en-US","@id":"https:\/\/santetranshealth.com\/en\/#\/schema\/logo\/image\/","url":"https:\/\/santetranshealth.com\/wp-content\/uploads\/2021\/12\/logo-learndash.png","contentUrl":"https:\/\/santetranshealth.com\/wp-content\/uploads\/2021\/12\/logo-learndash.png","width":304,"height":122,"caption":"L'institut pour la sant\u00e9 trans"},"image":{"@id":"https:\/\/santetranshealth.com\/en\/#\/schema\/logo\/image\/"},"sameAs":["https:\/\/www.facebook.com\/ismh.isms"]}]}},"_links":{"self":[{"href":"https:\/\/santetranshealth.com\/en\/wp-json\/wp\/v2\/pages\/6357","targetHints":{"allow":["GET"]}}],"collection":[{"href":"https:\/\/santetranshealth.com\/en\/wp-json\/wp\/v2\/pages"}],"about":[{"href":"https:\/\/santetranshealth.com\/en\/wp-json\/wp\/v2\/types\/page"}],"author":[{"embeddable":true,"href":"https:\/\/santetranshealth.com\/en\/wp-json\/wp\/v2\/users\/2"}],"replies":[{"embeddable":true,"href":"https:\/\/santetranshealth.com\/en\/wp-json\/wp\/v2\/comments?post=6357"}],"version-history":[{"count":26,"href":"https:\/\/santetranshealth.com\/en\/wp-json\/wp\/v2\/pages\/6357\/revisions"}],"predecessor-version":[{"id":11052,"href":"https:\/\/santetranshealth.com\/en\/wp-json\/wp\/v2\/pages\/6357\/revisions\/11052"}],"wp:attachment":[{"href":"https:\/\/santetranshealth.com\/en\/wp-json\/wp\/v2\/media?parent=6357"}],"curies":[{"name":"wp","href":"https:\/\/api.w.org\/{rel}","templated":true}]}}