{"id":6363,"date":"2022-06-11T15:13:48","date_gmt":"2022-06-11T19:13:48","guid":{"rendered":"https:\/\/santetranshealth.com\/individual-supervision\/"},"modified":"2025-08-24T22:21:09","modified_gmt":"2025-08-25T02:21:09","slug":"individual-supervision","status":"publish","type":"page","link":"https:\/\/santetranshealth.com\/en\/individual-supervision\/","title":{"rendered":"Individual supervision"},"content":{"rendered":"\n\t<section class=\"block--message warning\">\n\t\t<svg width=\"24\" height=\"24\" viewBox=\"0 0 24 24\" fill=\"none\" xmlns=\"http:\/\/www.w3.org\/2000\/svg\"><path d=\"M11 15H13V17H11V15ZM11 7H13V13H11V7ZM12 2C6.47 2 2 6.5 2 12C2 14.6522 3.05357 17.1957 4.92893 19.0711C5.85752 19.9997 6.95991 20.7362 8.17317 21.2388C9.38642 21.7413 10.6868 22 12 22C14.6522 22 17.1957 20.9464 19.0711 19.0711C20.9464 17.1957 22 14.6522 22 12C22 10.6868 21.7413 9.38642 21.2388 8.17317C20.7362 6.95991 19.9997 5.85752 19.0711 4.92893C18.1425 4.00035 17.0401 3.26375 15.8268 2.7612C14.6136 2.25866 13.3132 2 12 2ZM12 20C9.87827 20 7.84344 19.1571 6.34315 17.6569C4.84285 16.1566 4 14.1217 4 12C4 9.87827 4.84285 7.84344 6.34315 6.34315C7.84344 4.84285 9.87827 4 12 4C14.1217 4 16.1566 4.84285 17.6569 6.34315C19.1571 7.84344 20 9.87827 20 12C20 14.1217 19.1571 16.1566 17.6569 17.6569C16.1566 19.1571 14.1217 20 12 20Z\" fill=\"#013847\"\/><\/svg>\t\t<p>Supervision and clinical consultation hours are recognized as continuing education credits by <strong>l&#8217;Ordre des psychologues du Qu\u00e9bec <\/strong>(The Quebec College of Psychologists-OPQ)<\/p>\n\t<\/section>\n\n\n\n<div style=\"height:1em\" aria-hidden=\"true\" class=\"wp-block-spacer\"><\/div>\n\n\n\n<p class=\"has-text-align-left\" style=\"font-size:2.1rem\">Individual supervision or consultation is offered by several professionals. If you would like to make an appointment, or for information on availability, pricing, location or any other details, <strong>please contact clinical consultants directly<\/strong>.<\/p>\n\n\n\n<div class=\"wp-block-columns is-layout-flex wp-container-core-columns-is-layout-9d6595d7 wp-block-columns-is-layout-flex\">\n<div class=\"wp-block-column has-background is-layout-flow wp-block-column-is-layout-flow\" style=\"background-color:#f2f6f7;padding-top:1em;padding-right:1em;padding-bottom:1em;padding-left:1em;flex-basis:33.34%\"><div class=\"wp-block-image is-resized\">\n<figure class=\"aligncenter size-medium\"><img loading=\"lazy\" decoding=\"async\" width=\"300\" height=\"300\" src=\"https:\/\/santetranshealth.com\/wp-content\/uploads\/2020\/11\/francoise-susset-300x300.jpg\" alt=\"Fran\u00e7oise Susset\" class=\"wp-image-2953\" style=\"width:160px\" srcset=\"https:\/\/santetranshealth.com\/wp-content\/uploads\/2020\/11\/francoise-susset-300x300.jpg 300w, https:\/\/santetranshealth.com\/wp-content\/uploads\/2020\/11\/francoise-susset-150x150.jpg 150w, https:\/\/santetranshealth.com\/wp-content\/uploads\/2020\/11\/francoise-susset-100x100.jpg 100w, https:\/\/santetranshealth.com\/wp-content\/uploads\/2020\/11\/francoise-susset.jpg 400w\" sizes=\"auto, (max-width: 300px) 100vw, 300px\" \/><\/figure>\n<\/div>\n\n\n<h4 class=\"wp-block-heading has-text-align-center\" style=\"font-size:18px\">Fran\u00e7oise Susset, Psy.D.<\/h4>\n\n\n\n<p class=\"has-text-align-center has-small-font-size\"><strong>fs@francoisesusset.com<\/strong><\/p>\n\n\n\n<p class=\"has-text-align-center\"><a href=\"https:\/\/santetranshealth.com\/en\/consultants\/francoise-susset\/\" data-type=\"consultants\" data-id=\"2771\">See bio<\/a><\/p>\n<\/div>\n\n\n\n<div class=\"wp-block-column has-background is-layout-flow wp-block-column-is-layout-flow\" style=\"background-color:#f2f6f7;padding-top:1em;padding-right:1em;padding-bottom:1em;padding-left:1em;flex-basis:33.34%\"><div class=\"wp-block-image is-resized\">\n<figure class=\"aligncenter size-full\"><img loading=\"lazy\" decoding=\"async\" width=\"520\" height=\"520\" src=\"https:\/\/santetranshealth.com\/wp-content\/uploads\/2022\/05\/lou-ann-morin.jpg\" alt=\"Lou-Ann Morin\" class=\"wp-image-2935\" style=\"width:160px\" srcset=\"https:\/\/santetranshealth.com\/wp-content\/uploads\/2022\/05\/lou-ann-morin.jpg 520w, https:\/\/santetranshealth.com\/wp-content\/uploads\/2022\/05\/lou-ann-morin-300x300.jpg 300w, https:\/\/santetranshealth.com\/wp-content\/uploads\/2022\/05\/lou-ann-morin-150x150.jpg 150w, https:\/\/santetranshealth.com\/wp-content\/uploads\/2022\/05\/lou-ann-morin-100x100.jpg 100w\" sizes=\"auto, (max-width: 520px) 100vw, 520px\" \/><\/figure>\n<\/div>\n\n\n<h4 class=\"wp-block-heading has-text-align-center\" style=\"font-size:18px\">Lou-Ann Morin, Ph.D.<\/h4>\n\n\n\n<p class=\"has-text-align-center has-small-font-size\"><strong>morinpsychologie@outlook.com <\/strong><\/p>\n\n\n\n<p class=\"has-text-align-center\"><a href=\"https:\/\/santetranshealth.com\/en\/consultants\/lou-ann-morin-ph-d\/\">See bio<\/a><\/p>\n<\/div>\n\n\n\n<div class=\"wp-block-column has-background is-layout-flow wp-block-column-is-layout-flow\" style=\"background-color:#f2f6f7;padding-top:1em;padding-right:1em;padding-bottom:1em;padding-left:1em;flex-basis:33.34%\"><div class=\"wp-block-image is-resized\">\n<figure class=\"aligncenter size-full\"><img loading=\"lazy\" decoding=\"async\" width=\"800\" height=\"800\" src=\"https:\/\/santetranshealth.com\/wp-content\/uploads\/2022\/05\/jesse-bosse.jpg\" alt=\"Jesse Boss\u00e9\" class=\"wp-image-2950\" style=\"width:160px\" srcset=\"https:\/\/santetranshealth.com\/wp-content\/uploads\/2022\/05\/jesse-bosse.jpg 800w, https:\/\/santetranshealth.com\/wp-content\/uploads\/2022\/05\/jesse-bosse-300x300.jpg 300w, https:\/\/santetranshealth.com\/wp-content\/uploads\/2022\/05\/jesse-bosse-150x150.jpg 150w, https:\/\/santetranshealth.com\/wp-content\/uploads\/2022\/05\/jesse-bosse-768x768.jpg 768w, https:\/\/santetranshealth.com\/wp-content\/uploads\/2022\/05\/jesse-bosse-600x600.jpg 600w, https:\/\/santetranshealth.com\/wp-content\/uploads\/2022\/05\/jesse-bosse-100x100.jpg 100w\" sizes=\"auto, (max-width: 800px) 100vw, 800px\" \/><\/figure>\n<\/div>\n\n\n<h4 class=\"wp-block-heading has-text-align-center\" style=\"font-size:18px\">Jesse Boss\u00e9, Psy.D.<\/h4>\n\n\n\n<p class=\"has-text-align-center has-small-font-size\"><strong>jessebosse@talltreepsychology.com <\/strong><\/p>\n\n\n\n<p class=\"has-text-align-center\"><a href=\"https:\/\/santetranshealth.com\/en\/consultants\/jesse-bosse-ph\/\" data-type=\"consultants\" data-id=\"2411\">See bio<\/a><\/p>\n<\/div>\n\n\n\n<div class=\"wp-block-column has-background is-layout-flow wp-block-column-is-layout-flow\" style=\"background-color:#f2f6f7;padding-top:1em;padding-right:1em;padding-bottom:1em;padding-left:1em;flex-basis:33.34%\"><div class=\"wp-block-image is-resized\">\n<figure class=\"aligncenter size-full\"><a href=\"https:\/\/santetranshealth.com\/en\/consultants\/lysistrata-mp-barbiere-m-a\/\"><img loading=\"lazy\" decoding=\"async\" width=\"800\" height=\"800\" src=\"https:\/\/santetranshealth.com\/wp-content\/uploads\/2023\/04\/lysistrata-barbieere.jpg\" alt=\"Lysistrata Barbi\u00e8re\" class=\"wp-image-7157\" style=\"width:160px\" srcset=\"https:\/\/santetranshealth.com\/wp-content\/uploads\/2023\/04\/lysistrata-barbieere.jpg 800w, https:\/\/santetranshealth.com\/wp-content\/uploads\/2023\/04\/lysistrata-barbieere-300x300.jpg 300w, https:\/\/santetranshealth.com\/wp-content\/uploads\/2023\/04\/lysistrata-barbieere-150x150.jpg 150w, https:\/\/santetranshealth.com\/wp-content\/uploads\/2023\/04\/lysistrata-barbieere-768x768.jpg 768w, https:\/\/santetranshealth.com\/wp-content\/uploads\/2023\/04\/lysistrata-barbieere-600x600.jpg 600w, https:\/\/santetranshealth.com\/wp-content\/uploads\/2023\/04\/lysistrata-barbieere-100x100.jpg 100w\" sizes=\"auto, (max-width: 800px) 100vw, 800px\" \/><\/a><\/figure>\n<\/div>\n\n\n<h4 class=\"wp-block-heading has-text-align-center\" style=\"font-size:18px\">Jesse Boss\u00e9, Psy.D.<\/h4>\n\n\n\n<p class=\"has-text-align-center has-small-font-size\"><strong>jessebosse@talltreepsychology.com <\/strong><\/p>\n\n\n\n<p class=\"has-text-align-center\"><a data-type=\"consultants\" data-id=\"2411\" href=\"https:\/\/santetranshealth.com\/en\/consultants\/jesse-bosse-ph\/\">See <\/a><a href=\"https:\/\/santetranshealth.com\/en\/consultants\/lysistrata-mp-barbiere-m-a\/\">bio<\/a><\/p>\n<\/div>\n<\/div>\n\n\n\n<h3 class=\"wp-block-heading\">Types of issues that can be addressed in supervision or consultation<\/h3>\n\n\n\n<p>Here are some situations in which clinical supervision could be helpful:<\/p>\n\n\n\n<h4 class=\"wp-block-heading\">Children and youth<\/h4>\n\n\n\n<ul class=\"wp-block-list\">\n<li>A student at my school is experiencing harassment and bullying related to transphobia. What can I do for him?<\/li>\n\n\n\n<li>A 13-year-old individual I&#8217;ve been counseling just told me that they feel they are nonbinary, are afraid of their parents&#8217; reaction, and are feeling suicidal. How can we help him?<\/li>\n\n\n\n<li>I meet a family whose 7-year-old child, assigned female at birth, identifies as male and presents themselves as such at school. The child has adopted a male name, insists on going to the boys&#8217; bathroom and gets angry if he is referred to as a female. Parents don&#8217;t know what to do. How can we help this family? This school?<\/li>\n\n\n\n<li>I am accompanying a nonbinary person who would like to access certain gender affirmation surgeries. How can I support their request?<\/li>\n\n\n\n<li>I have a 17-year-old in my practice who is wondering if he did the right thing by starting a medical transition. How can I support him in his questioning?<\/li>\n<\/ul>\n\n\n\n<h4 class=\"wp-block-heading\">Couple and family<\/h4>\n\n\n\n<ul class=\"wp-block-list\">\n<li>I work in child protection services, and I have a meeting scheduled soon with a family where one member of a couple is undergoing a transition. How can I properly assess the impact on the child?<\/li>\n\n\n\n<li>I am working with a couple where one of the partners has just revealed to their spouse their desire to undergo a transition. They wonder about the best way to discuss it with their children.<\/li>\n\n\n\n<li>I see a 15-year-old who has been depressed and isolated since his parent transitioned last year.<\/li>\n<\/ul>\n\n\n\n<h4 class=\"wp-block-heading\">Counselling &amp; Coming out<\/h4>\n\n\n\n<ul class=\"wp-block-list\">\n<li>I work in a shelter for abused women. We have been approached by someone who presents themselves as very masculine but identifies as a transgender woman and says she needs our services. How do we respond to this person&#8217;s request?<\/li>\n\n\n\n<li>I see a young person who tells me that she knows she is trans and informs me that she wants to access hormone treatment. Do I need to confirm that she is trans? <\/li>\n<\/ul>\n\n\n\n<h4 class=\"wp-block-heading\">Rights<\/h4>\n\n\n\n<ul class=\"wp-block-list\">\n<li>I work in child protection, and I have been tasked with evaluating a family in conflict regarding the behavior of their 6-year-old boy who &#8220;dresses up as a girl and plays with girl toys.&#8221; The parents are separated. The father reported his ex-wife to us; he accuses her of &#8220;forcing their son to play with girls&#8217; toys because she always wanted a girl and was disappointed when she found out she was carrying a boy&#8221;. How can we assess this situation in a fair manner and in the best interest of the child?<\/li>\n<\/ul>\n\n\n\n<div style=\"height:2em\" aria-hidden=\"true\" class=\"wp-block-spacer\"><\/div>\n","protected":false},"excerpt":{"rendered":"<p>Individual supervision or consultation is offered by several professionals. If you would like to make an appointment, or for information on availability, pricing, location or any other details, please contact clinical consultants directly. Fran\u00e7oise Susset, Psy.D. fs@francoisesusset.com See bio Lou-Ann Morin, Ph.D. morinpsychologie@outlook.com See bio Jesse Boss\u00e9, Psy.D. jessebosse@talltreepsychology.com See bio Jesse Boss\u00e9, Psy.D. jessebosse@talltreepsychology.com [&hellip;]<\/p>\n","protected":false},"author":2,"featured_media":0,"parent":0,"menu_order":0,"comment_status":"closed","ping_status":"closed","template":"","meta":{"_acf_changed":false,"_mo_disable_npp":"","footnotes":""},"class_list":["post-6363","page","type-page","status-publish","hentry"],"acf":[],"yoast_head":"<!-- This site is optimized with the Yoast SEO plugin v27.4 - https:\/\/yoast.com\/product\/yoast-seo-wordpress\/ -->\n<title>Individual supervision | The Institute for Trans Health<\/title>\n<meta name=\"description\" content=\"Individual supervision is offered by many of our professionals. If you wish to make an appointment or obtain information regarding availability, pricing, meeting location, or any other details, please contact the supervisor directly.\" \/>\n<meta name=\"robots\" content=\"index, follow, max-snippet:-1, max-image-preview:large, max-video-preview:-1\" \/>\n<link rel=\"canonical\" href=\"https:\/\/santetranshealth.com\/en\/individual-supervision\/\" \/>\n<meta property=\"og:locale\" content=\"en_US\" \/>\n<meta property=\"og:type\" content=\"article\" \/>\n<meta property=\"og:title\" content=\"Individual supervision | The Institute for Trans Health\" \/>\n<meta property=\"og:description\" content=\"Individual supervision is offered by many of our professionals. If you wish to make an appointment or obtain information regarding availability, pricing, meeting location, or any other details, please contact the supervisor directly.\" \/>\n<meta property=\"og:url\" content=\"https:\/\/santetranshealth.com\/en\/individual-supervision\/\" \/>\n<meta property=\"og:site_name\" content=\"The Institute for Trans Health\" \/>\n<meta property=\"article:publisher\" content=\"https:\/\/www.facebook.com\/ismh.isms\" \/>\n<meta property=\"article:modified_time\" content=\"2025-08-25T02:21:09+00:00\" \/>\n<meta property=\"og:image\" content=\"https:\/\/santetranshealth.com\/wp-content\/uploads\/2020\/11\/francoise-susset.jpg\" \/>\n\t<meta property=\"og:image:width\" content=\"400\" \/>\n\t<meta property=\"og:image:height\" content=\"400\" \/>\n\t<meta property=\"og:image:type\" content=\"image\/jpeg\" \/>\n<meta name=\"twitter:card\" content=\"summary_large_image\" \/>\n<meta name=\"twitter:label1\" content=\"Est. reading time\" \/>\n\t<meta name=\"twitter:data1\" content=\"4 minutes\" \/>\n<script type=\"application\/ld+json\" class=\"yoast-schema-graph\">{\"@context\":\"https:\\\/\\\/schema.org\",\"@graph\":[{\"@type\":\"WebPage\",\"@id\":\"https:\\\/\\\/santetranshealth.com\\\/en\\\/individual-supervision\\\/\",\"url\":\"https:\\\/\\\/santetranshealth.com\\\/en\\\/individual-supervision\\\/\",\"name\":\"Individual supervision | The Institute for Trans Health\",\"isPartOf\":{\"@id\":\"https:\\\/\\\/santetranshealth.com\\\/en\\\/#website\"},\"primaryImageOfPage\":{\"@id\":\"https:\\\/\\\/santetranshealth.com\\\/en\\\/individual-supervision\\\/#primaryimage\"},\"image\":{\"@id\":\"https:\\\/\\\/santetranshealth.com\\\/en\\\/individual-supervision\\\/#primaryimage\"},\"thumbnailUrl\":\"https:\\\/\\\/santetranshealth.com\\\/wp-content\\\/uploads\\\/2020\\\/11\\\/francoise-susset-300x300.jpg\",\"datePublished\":\"2022-06-11T19:13:48+00:00\",\"dateModified\":\"2025-08-25T02:21:09+00:00\",\"description\":\"Individual supervision is offered by many of our professionals. If you wish to make an appointment or obtain information regarding availability, pricing, meeting location, or any other details, please contact the supervisor directly.\",\"breadcrumb\":{\"@id\":\"https:\\\/\\\/santetranshealth.com\\\/en\\\/individual-supervision\\\/#breadcrumb\"},\"inLanguage\":\"en-US\",\"potentialAction\":[{\"@type\":\"ReadAction\",\"target\":[\"https:\\\/\\\/santetranshealth.com\\\/en\\\/individual-supervision\\\/\"]}]},{\"@type\":\"ImageObject\",\"inLanguage\":\"en-US\",\"@id\":\"https:\\\/\\\/santetranshealth.com\\\/en\\\/individual-supervision\\\/#primaryimage\",\"url\":\"https:\\\/\\\/santetranshealth.com\\\/wp-content\\\/uploads\\\/2020\\\/11\\\/francoise-susset-300x300.jpg\",\"contentUrl\":\"https:\\\/\\\/santetranshealth.com\\\/wp-content\\\/uploads\\\/2020\\\/11\\\/francoise-susset-300x300.jpg\"},{\"@type\":\"BreadcrumbList\",\"@id\":\"https:\\\/\\\/santetranshealth.com\\\/en\\\/individual-supervision\\\/#breadcrumb\",\"itemListElement\":[{\"@type\":\"ListItem\",\"position\":1,\"name\":\"Home\",\"item\":\"https:\\\/\\\/santetranshealth.com\\\/en\\\/\"},{\"@type\":\"ListItem\",\"position\":2,\"name\":\"Individual supervision\"}]},{\"@type\":\"WebSite\",\"@id\":\"https:\\\/\\\/santetranshealth.com\\\/en\\\/#website\",\"url\":\"https:\\\/\\\/santetranshealth.com\\\/en\\\/\",\"name\":\"The Institute for Trans Health\",\"description\":\"Training, consultation, and clinical supervision for health professionals, educators and employers who serve gender diverse children, youth and adults.\",\"publisher\":{\"@id\":\"https:\\\/\\\/santetranshealth.com\\\/en\\\/#organization\"},\"potentialAction\":[{\"@type\":\"SearchAction\",\"target\":{\"@type\":\"EntryPoint\",\"urlTemplate\":\"https:\\\/\\\/santetranshealth.com\\\/en\\\/?s={search_term_string}\"},\"query-input\":{\"@type\":\"PropertyValueSpecification\",\"valueRequired\":true,\"valueName\":\"search_term_string\"}}],\"inLanguage\":\"en-US\"},{\"@type\":\"Organization\",\"@id\":\"https:\\\/\\\/santetranshealth.com\\\/en\\\/#organization\",\"name\":\"L'institut pour la sant\u00e9 trans\",\"url\":\"https:\\\/\\\/santetranshealth.com\\\/en\\\/\",\"logo\":{\"@type\":\"ImageObject\",\"inLanguage\":\"en-US\",\"@id\":\"https:\\\/\\\/santetranshealth.com\\\/en\\\/#\\\/schema\\\/logo\\\/image\\\/\",\"url\":\"https:\\\/\\\/santetranshealth.com\\\/wp-content\\\/uploads\\\/2021\\\/12\\\/logo-learndash.png\",\"contentUrl\":\"https:\\\/\\\/santetranshealth.com\\\/wp-content\\\/uploads\\\/2021\\\/12\\\/logo-learndash.png\",\"width\":304,\"height\":122,\"caption\":\"L'institut pour la sant\u00e9 trans\"},\"image\":{\"@id\":\"https:\\\/\\\/santetranshealth.com\\\/en\\\/#\\\/schema\\\/logo\\\/image\\\/\"},\"sameAs\":[\"https:\\\/\\\/www.facebook.com\\\/ismh.isms\"]}]}<\/script>\n<!-- \/ Yoast SEO plugin. -->","yoast_head_json":{"title":"Individual supervision | The Institute for Trans Health","description":"Individual supervision is offered by many of our professionals. If you wish to make an appointment or obtain information regarding availability, pricing, meeting location, or any other details, please contact the supervisor directly.","robots":{"index":"index","follow":"follow","max-snippet":"max-snippet:-1","max-image-preview":"max-image-preview:large","max-video-preview":"max-video-preview:-1"},"canonical":"https:\/\/santetranshealth.com\/en\/individual-supervision\/","og_locale":"en_US","og_type":"article","og_title":"Individual supervision | The Institute for Trans Health","og_description":"Individual supervision is offered by many of our professionals. If you wish to make an appointment or obtain information regarding availability, pricing, meeting location, or any other details, please contact the supervisor directly.","og_url":"https:\/\/santetranshealth.com\/en\/individual-supervision\/","og_site_name":"The Institute for Trans Health","article_publisher":"https:\/\/www.facebook.com\/ismh.isms","article_modified_time":"2025-08-25T02:21:09+00:00","og_image":[{"width":400,"height":400,"url":"https:\/\/santetranshealth.com\/wp-content\/uploads\/2020\/11\/francoise-susset.jpg","type":"image\/jpeg"}],"twitter_card":"summary_large_image","twitter_misc":{"Est. reading time":"4 minutes"},"schema":{"@context":"https:\/\/schema.org","@graph":[{"@type":"WebPage","@id":"https:\/\/santetranshealth.com\/en\/individual-supervision\/","url":"https:\/\/santetranshealth.com\/en\/individual-supervision\/","name":"Individual supervision | The Institute for Trans Health","isPartOf":{"@id":"https:\/\/santetranshealth.com\/en\/#website"},"primaryImageOfPage":{"@id":"https:\/\/santetranshealth.com\/en\/individual-supervision\/#primaryimage"},"image":{"@id":"https:\/\/santetranshealth.com\/en\/individual-supervision\/#primaryimage"},"thumbnailUrl":"https:\/\/santetranshealth.com\/wp-content\/uploads\/2020\/11\/francoise-susset-300x300.jpg","datePublished":"2022-06-11T19:13:48+00:00","dateModified":"2025-08-25T02:21:09+00:00","description":"Individual supervision is offered by many of our professionals. If you wish to make an appointment or obtain information regarding availability, pricing, meeting location, or any other details, please contact the supervisor directly.","breadcrumb":{"@id":"https:\/\/santetranshealth.com\/en\/individual-supervision\/#breadcrumb"},"inLanguage":"en-US","potentialAction":[{"@type":"ReadAction","target":["https:\/\/santetranshealth.com\/en\/individual-supervision\/"]}]},{"@type":"ImageObject","inLanguage":"en-US","@id":"https:\/\/santetranshealth.com\/en\/individual-supervision\/#primaryimage","url":"https:\/\/santetranshealth.com\/wp-content\/uploads\/2020\/11\/francoise-susset-300x300.jpg","contentUrl":"https:\/\/santetranshealth.com\/wp-content\/uploads\/2020\/11\/francoise-susset-300x300.jpg"},{"@type":"BreadcrumbList","@id":"https:\/\/santetranshealth.com\/en\/individual-supervision\/#breadcrumb","itemListElement":[{"@type":"ListItem","position":1,"name":"Home","item":"https:\/\/santetranshealth.com\/en\/"},{"@type":"ListItem","position":2,"name":"Individual supervision"}]},{"@type":"WebSite","@id":"https:\/\/santetranshealth.com\/en\/#website","url":"https:\/\/santetranshealth.com\/en\/","name":"The Institute for Trans Health","description":"Training, consultation, and clinical supervision for health professionals, educators and employers who serve gender diverse children, youth and adults.","publisher":{"@id":"https:\/\/santetranshealth.com\/en\/#organization"},"potentialAction":[{"@type":"SearchAction","target":{"@type":"EntryPoint","urlTemplate":"https:\/\/santetranshealth.com\/en\/?s={search_term_string}"},"query-input":{"@type":"PropertyValueSpecification","valueRequired":true,"valueName":"search_term_string"}}],"inLanguage":"en-US"},{"@type":"Organization","@id":"https:\/\/santetranshealth.com\/en\/#organization","name":"L'institut pour la sant\u00e9 trans","url":"https:\/\/santetranshealth.com\/en\/","logo":{"@type":"ImageObject","inLanguage":"en-US","@id":"https:\/\/santetranshealth.com\/en\/#\/schema\/logo\/image\/","url":"https:\/\/santetranshealth.com\/wp-content\/uploads\/2021\/12\/logo-learndash.png","contentUrl":"https:\/\/santetranshealth.com\/wp-content\/uploads\/2021\/12\/logo-learndash.png","width":304,"height":122,"caption":"L'institut pour la sant\u00e9 trans"},"image":{"@id":"https:\/\/santetranshealth.com\/en\/#\/schema\/logo\/image\/"},"sameAs":["https:\/\/www.facebook.com\/ismh.isms"]}]}},"_links":{"self":[{"href":"https:\/\/santetranshealth.com\/en\/wp-json\/wp\/v2\/pages\/6363","targetHints":{"allow":["GET"]}}],"collection":[{"href":"https:\/\/santetranshealth.com\/en\/wp-json\/wp\/v2\/pages"}],"about":[{"href":"https:\/\/santetranshealth.com\/en\/wp-json\/wp\/v2\/types\/page"}],"author":[{"embeddable":true,"href":"https:\/\/santetranshealth.com\/en\/wp-json\/wp\/v2\/users\/2"}],"replies":[{"embeddable":true,"href":"https:\/\/santetranshealth.com\/en\/wp-json\/wp\/v2\/comments?post=6363"}],"version-history":[{"count":12,"href":"https:\/\/santetranshealth.com\/en\/wp-json\/wp\/v2\/pages\/6363\/revisions"}],"predecessor-version":[{"id":10303,"href":"https:\/\/santetranshealth.com\/en\/wp-json\/wp\/v2\/pages\/6363\/revisions\/10303"}],"wp:attachment":[{"href":"https:\/\/santetranshealth.com\/en\/wp-json\/wp\/v2\/media?parent=6363"}],"curies":[{"name":"wp","href":"https:\/\/api.w.org\/{rel}","templated":true}]}}